{"id":10163,"date":"2023-01-31T17:26:59","date_gmt":"2023-01-31T17:26:59","guid":{"rendered":"https:\/\/legalistik.com\/korisnicka-podrska\/"},"modified":"2023-11-23T12:10:56","modified_gmt":"2023-11-23T12:10:56","slug":"korisnicka-podrska","status":"publish","type":"page","link":"https:\/\/legalistik.com\/hr\/korisnicka-podrska\/","title":{"rendered":"Korisni\u010dka podr\u0161ka"},"content":{"rendered":"\n          \n          \n\n          <div class=\"wp-block-columns is-layout-flex wp-container-core-columns-is-layout-9d6595d7 wp-block-columns-is-layout-flex\">\n            \n            \n\n            <div class=\"wp-block-column is-layout-flow wp-block-column-is-layout-flow\" style=\"flex-basis:25%\"><\/div>\n            \n\n            \n            \n\n            \n\n            \n            \n\n            <div class=\"wp-block-column is-layout-flow wp-block-column-is-layout-flow\" style=\"flex-basis:50%\">\n              <div class=\"betterdocs-live-search\">\n\t\t\t<div class=\"betterdocs-search-heading\">\n\t\t\t<h1 class=\"heading\"> Korisni\u010dka podr\u0161ka <\/h1>\t\t<\/div>\n\t\t\n\t<form class=\"betterdocs-searchform betterdocs-advance-searchform\">\n\t\t<div class=\"betterdocs-searchform-input-wrap\">\n\t\t\t<svg class=\"docs-search-icon\" xmlns=\"http:\/\/www.w3.org\/2000\/svg\" xmlns:xlink=\"http:\/\/www.w3.org\/1999\/xlink\" width=\"38px\" viewBox=\"0 0 50 50\" version=\"1.1\">\n\t\t\t\t<g id=\"surface1\">\n\t\t\t\t\t<path d=\"M 21 3 C 11.601563 3 4 10.601563 4 20 C 4 29.398438 11.601563 37 21 37 C 24.355469 37 27.460938 36.015625 30.09375 34.34375 L 42.375 46.625 L 46.625 42.375 L 34.5 30.28125 C 36.679688 27.421875 38 23.878906 38 20 C 38 10.601563 30.398438 3 21 3 Z M 21 7 C 28.199219 7 34 12.800781 34 20 C 34 27.199219 28.199219 33 21 33 C 13.800781 33 8 27.199219 8 20 C 8 12.800781 13.800781 7 21 7 Z \"><\/path>\n\t\t\t\t<\/g>\n\t\t\t<\/svg>\n\t\t\t<input type=\"text\" class=\"betterdocs-search-field\" name=\"s\" aria-label=\"Search Input\" placeholder=\"Unesi pojam za pretragu..\" autocomplete=\"off\" value=\"\">\n\t\t\t<svg class=\"docs-search-loader\" width=\"38\" height=\"38\" viewBox=\"0 0 38 38\" xmlns=\"http:\/\/www.w3.org\/2000\/svg\" stroke=\"#444b54\">\n\t\t\t\t<g fill=\"none\" fill-rule=\"evenodd\">\n\t\t\t\t\t<g transform=\"translate(1 1)\" stroke-width=\"2\">\n\t\t\t\t\t\t<circle stroke-opacity=\".5\" cx=\"18\" cy=\"18\" r=\"18\" \/>\n\t\t\t\t\t\t<path d=\"M36 18c0-9.94-8.06-18-18-18\">\n\t\t\t\t\t\t\t<animateTransform attributeName=\"transform\" type=\"rotate\" from=\"0 18 18\" to=\"360 18 18\" dur=\"1s\" repeatCount=\"indefinite\" \/>\n\t\t\t\t\t\t<\/path>\n\t\t\t\t\t<\/g>\n\t\t\t\t<\/g>\n\t\t\t<\/svg>\n\t\t\t<svg class=\"docs-search-close\" xmlns=\"http:\/\/www.w3.org\/2000\/svg\" width=\"38px\" viewBox=\"0 0 128 128\">\n\t\t\t\t<path fill=\"#fff\" d=\"M64 14A50 50 0 1 0 64 114A50 50 0 1 0 64 14Z\" transform=\"rotate(-45.001 64 64.001)\"><\/path>\n\t\t\t\t<path class=\"close-border\" d=\"M64,117c-14.2,0-27.5-5.5-37.5-15.5c-20.7-20.7-20.7-54.3,0-75C36.5,16.5,49.8,11,64,11c14.2,0,27.5,5.5,37.5,15.5c10,10,15.5,23.3,15.5,37.5s-5.5,27.5-15.5,37.5C91.5,111.5,78.2,117,64,117z M64,17c-12.6,0-24.4,4.9-33.2,13.8c-18.3,18.3-18.3,48.1,0,66.5C39.6,106.1,51.4,111,64,111c12.6,0,24.4-4.9,33.2-13.8S111,76.6,111,64s-4.9-24.4-13.8-33.2S76.6,17,64,17z\"><\/path>\n\t\t\t\t<path class=\"close-line\" d=\"M53.4,77.6c-0.8,0-1.5-0.3-2.1-0.9c-1.2-1.2-1.2-3.1,0-4.2l21.2-21.2c1.2-1.2,3.1-1.2,4.2,0c1.2,1.2,1.2,3.1,0,4.2L55.5,76.7C54.9,77.3,54.2,77.6,53.4,77.6z\"><\/path>\n\t\t\t\t<path class=\"close-line\" d=\"M74.6,77.6c-0.8,0-1.5-0.3-2.1-0.9L51.3,55.5c-1.2-1.2-1.2-3.1,0-4.2c1.2-1.2,3.1-1.2,4.2,0l21.2,21.2c1.2,1.2,1.2,3.1,0,4.2C76.1,77.3,75.4,77.6,74.6,77.6z\"><\/path>\n\t\t\t<\/svg>\n\t\t<\/div>\n\n\t\t\t\t<input type=\"hidden\" value=\"Search\" aria-label=\"Search Submit\" class=\"betterdocs-search-submit\" \/>\n\t<\/form>\n\n\t<\/div>\n\n\n            <\/div>\n            \n\n            \n            \n\n            \n\n            \n            \n\n            <div class=\"wp-block-column is-layout-flow wp-block-column-is-layout-flow\" style=\"flex-basis:25%\"><\/div>\n            \n\n            \n          <\/div>\n          \n\n          \n          \n\n          \n\n          \n          \n\n          <p><\/p>\n          \n\n          \n          \n\n          \n\n          \n<div\n\tclass=\"betterdocs-category-grid-wrapper betterdocs-blocks-grid betterdocs-blocks betterdocs-categorygrid-kqb8v4b\">\n\t<div\n\t\tclass=\"betterdocs-category-grid-inner-wrapper layout-flex layout-1 grid betterdocs-column-3 betterdocs-column-tablet-2 betterdocs-column-mobile-1\" data-column_desktop=\"3\" data-column_tab=\"2\" data-column_mobile=\"1\" data-column_space_desktop=\"10\" data-colomn_space_tab=\"10\" data-colomn_space_mobile=\"10\">\n\t\t\n<article\n\tdata-id=\"167\" class=\"betterdocs-single-category-wrapper category-grid default\">\n\t<div class=\"betterdocs-single-category-inner\">\n\t\t\n<div class=\"betterdocs-category-header\">\n\t<div class=\"betterdocs-category-header-inner\">\n\t\t\n<div class=\"betterdocs-category-icon\">\n\t<img decoding=\"async\" alt=\"betterdocs-category-icon\" class=\"betterdocs-category-icon-img\" src=\"https:\/\/legalistik.com\/wp-content\/plugins\/betterdocs\/assets\/admin\/images\/betterdocs-cat-icon.svg?v=4.2.7\" \/><\/div>\n<h2 class=\"betterdocs-category-title\">Kako po\u010deti?<\/h2>\t<\/div>\n<\/div>\n<div class=\"betterdocs-body\">\n<ul class=\"betterdocs-articles-list\">\n\t<li><i class=\"far fa-file-alt\"><\/i><a href=\"https:\/\/legalistik.com\/hr\/docs\/kako-se-registrovati-na-legalistik\/\"><span>Kako se registrovati na Legalistik?<\/span> <\/a><\/li><li><i class=\"far fa-file-alt\"><\/i><a href=\"https:\/\/legalistik.com\/hr\/docs\/unesite-prvi-predmet-i-prvi-zadatak\/\"><span>Unesite prvog klijenta i predmet<\/span> <\/a><\/li><li><i class=\"far fa-file-alt\"><\/i><a href=\"https:\/\/legalistik.com\/hr\/docs\/kako-se-ulogovati-na-legalistik\/\"><span>Kako se prijaviti na Legalistik?<\/span> <\/a><\/li><li><i class=\"far fa-file-alt\"><\/i><a href=\"https:\/\/legalistik.com\/hr\/docs\/kako-da-se-odjavim-odlogujem\/\"><span>Kako da se odjavim sa Legalistika?<\/span> <\/a><\/li><\/ul>\n<\/div>\t<\/div>\n<\/article>\n\n<article\n\tdata-id=\"171\" class=\"betterdocs-single-category-wrapper category-grid default\">\n\t<div class=\"betterdocs-single-category-inner\">\n\t\t\n<div class=\"betterdocs-category-header\">\n\t<div class=\"betterdocs-category-header-inner\">\n\t\t\n<div class=\"betterdocs-category-icon\">\n\t<img decoding=\"async\" alt=\"betterdocs-category-icon\" class=\"betterdocs-category-icon-img\" src=\"https:\/\/legalistik.com\/wp-content\/plugins\/betterdocs\/assets\/admin\/images\/betterdocs-cat-icon.svg?v=4.2.7\" \/><\/div>\n<h2 class=\"betterdocs-category-title\">Kalendar<\/h2>\t<\/div>\n<\/div>\n<div class=\"betterdocs-body\">\n<ul class=\"betterdocs-articles-list\">\n\t<li><i class=\"far fa-file-alt\"><\/i><a href=\"https:\/\/legalistik.com\/hr\/docs\/kalendar\/\"><span>Kako koristiti kalendar<\/span> <\/a><\/li><li><i class=\"far fa-file-alt\"><\/i><a href=\"https:\/\/legalistik.com\/hr\/docs\/povezivanje-i-sinhronizacija-sa-google-kalendarom\/\"><span>Povezivanje i sinhronizacija sa Google kalendarom<\/span> <\/a><\/li><li><i class=\"far fa-file-alt\"><\/i><a href=\"https:\/\/legalistik.com\/hr\/docs\/zajednicki-kalendar-pregled-po-saradniku-agenda-dnevni-pregled\/\"><span>Zajedni\u010dki kalendar, pregled po saradniku, agenda (dnevni pregled)<\/span> <\/a><\/li><\/ul>\n<\/div>\t<\/div>\n<\/article>\n\n<article\n\tdata-id=\"173\" class=\"betterdocs-single-category-wrapper category-grid default\">\n\t<div class=\"betterdocs-single-category-inner\">\n\t\t\n<div class=\"betterdocs-category-header\">\n\t<div class=\"betterdocs-category-header-inner\">\n\t\t\n<div class=\"betterdocs-category-icon\">\n\t<img decoding=\"async\" alt=\"betterdocs-category-icon\" class=\"betterdocs-category-icon-img\" src=\"https:\/\/legalistik.com\/wp-content\/plugins\/betterdocs\/assets\/admin\/images\/betterdocs-cat-icon.svg?v=4.2.7\" \/><\/div>\n<h2 class=\"betterdocs-category-title\">Predmeti<\/h2>\t<\/div>\n<\/div>\n<div class=\"betterdocs-body\">\n<ul class=\"betterdocs-articles-list\">\n\t<li><i class=\"far fa-file-alt\"><\/i><a href=\"https:\/\/legalistik.com\/hr\/docs\/omogucite-klijentu-da-online-prati-statuse-predmeta\/\"><span>Omogu\u0107ite klijentu da online prati statuse predmeta<\/span> <\/a><\/li><li><i class=\"far fa-file-alt\"><\/i><a href=\"https:\/\/legalistik.com\/hr\/docs\/upravljanje-prikazom-kolonama\/\"><span>Upravljanje prikazom kolona<\/span> <\/a><\/li><li><i class=\"far fa-file-alt\"><\/i><a href=\"https:\/\/legalistik.com\/hr\/docs\/predmeti\/\"><span>\u0160ta su Predmeti i kako ih unijeti!<\/span> <\/a><\/li><\/ul>\n<\/div>\t<\/div>\n<\/article>\n\n<article\n\tdata-id=\"175\" class=\"betterdocs-single-category-wrapper category-grid default\">\n\t<div class=\"betterdocs-single-category-inner\">\n\t\t\n<div class=\"betterdocs-category-header\">\n\t<div class=\"betterdocs-category-header-inner\">\n\t\t\n<div class=\"betterdocs-category-icon\">\n\t<img decoding=\"async\" alt=\"betterdocs-category-icon\" class=\"betterdocs-category-icon-img\" src=\"https:\/\/legalistik.com\/wp-content\/plugins\/betterdocs\/assets\/admin\/images\/betterdocs-cat-icon.svg?v=4.2.7\" \/><\/div>\n<h2 class=\"betterdocs-category-title\">Ostali alati<\/h2>\t<\/div>\n<\/div>\n<div class=\"betterdocs-body\">\n<ul class=\"betterdocs-articles-list\">\n\t<li><i class=\"far fa-file-alt\"><\/i><a href=\"https:\/\/legalistik.com\/hr\/docs\/web-pristup-za-klijente\/\"><span>Web pristup za klijente<\/span> <\/a><\/li><li><i class=\"far fa-file-alt\"><\/i><a href=\"https:\/\/legalistik.com\/hr\/docs\/kontrolna-ploca\/\"><span>Kontrolna plo\u010da<\/span> <\/a><\/li><\/ul>\n<\/div>\t<\/div>\n<\/article>\n\n<article\n\tdata-id=\"177\" class=\"betterdocs-single-category-wrapper category-grid default\">\n\t<div class=\"betterdocs-single-category-inner\">\n\t\t\n<div class=\"betterdocs-category-header\">\n\t<div class=\"betterdocs-category-header-inner\">\n\t\t\n<div class=\"betterdocs-category-icon\">\n\t<img decoding=\"async\" alt=\"betterdocs-category-icon\" class=\"betterdocs-category-icon-img\" src=\"https:\/\/legalistik.com\/wp-content\/plugins\/betterdocs\/assets\/admin\/images\/betterdocs-cat-icon.svg?v=4.2.7\" \/><\/div>\n<h2 class=\"betterdocs-category-title\">Fakture<\/h2>\t<\/div>\n<\/div>\n<div class=\"betterdocs-body\">\n<ul class=\"betterdocs-articles-list\">\n\t<li><i class=\"far fa-file-alt\"><\/i><a href=\"https:\/\/legalistik.com\/hr\/docs\/promjena-sa-predracuna-na-fakturu-racun\/\"><span>Promjena sa predra\u010duna na fakturu (ra\u010dun)<\/span> <\/a><\/li><li><i class=\"far fa-file-alt\"><\/i><a href=\"https:\/\/legalistik.com\/hr\/docs\/unos-nove-fakture\/\"><span>Unos nove fakture<\/span> <\/a><\/li><li><i class=\"far fa-file-alt\"><\/i><a href=\"https:\/\/legalistik.com\/hr\/docs\/fakture\/\"><span>O Fakturama<\/span> <\/a><\/li><li><i class=\"far fa-file-alt\"><\/i><a href=\"https:\/\/legalistik.com\/hr\/docs\/visevalutne-fakture\/\"><span>Vi\u0161evalutne fakture<\/span> <\/a><\/li><li><i class=\"far fa-file-alt\"><\/i><a href=\"https:\/\/legalistik.com\/hr\/docs\/koristenje-sablona-u-fakturama\/\"><span>Kori\u0161tenje \u0161ablona u fakturama<\/span> <\/a><\/li><\/ul>\n<\/div>\t<\/div>\n<\/article>\n\n<article\n\tdata-id=\"179\" class=\"betterdocs-single-category-wrapper category-grid default\">\n\t<div class=\"betterdocs-single-category-inner\">\n\t\t\n<div class=\"betterdocs-category-header\">\n\t<div class=\"betterdocs-category-header-inner\">\n\t\t\n<div class=\"betterdocs-category-icon\">\n\t<img decoding=\"async\" alt=\"betterdocs-category-icon\" class=\"betterdocs-category-icon-img\" src=\"https:\/\/legalistik.com\/wp-content\/plugins\/betterdocs\/assets\/admin\/images\/betterdocs-cat-icon.svg?v=4.2.7\" \/><\/div>\n<h2 class=\"betterdocs-category-title\">Naj\u010de\u0161\u0107a pitanja<\/h2>\t<\/div>\n<\/div>\n<div class=\"betterdocs-body\">\n<ul class=\"betterdocs-articles-list\">\n\t<li><i class=\"far fa-file-alt\"><\/i><a href=\"https:\/\/legalistik.com\/hr\/docs\/kako-pretrazivati-sve-klijente-predmete-i-dokumente\/\"><span>Kako pretra\u017eivati sve klijente, predmete i dokumente<\/span> <\/a><\/li><li><i class=\"far fa-file-alt\"><\/i><a href=\"https:\/\/legalistik.com\/hr\/docs\/imate-problema-sa-lozinkom-i-prijavljivanjem-na-aplikaciju\/\"><span>Imate problema sa lozinkom i prijavljivanjem na aplikaciju?<\/span> <\/a><\/li><li><i class=\"far fa-file-alt\"><\/i><a href=\"https:\/\/legalistik.com\/hr\/docs\/kako-da-resetujem-lozinku-2\/\"><span>Kako da resetujem lozinku?<\/span> <\/a><\/li><li><i class=\"far fa-file-alt\"><\/i><a href=\"https:\/\/legalistik.com\/hr\/docs\/sta-je-legalistik\/\"><span>\u0160ta je Legalistik?<\/span> <\/a><\/li><li><i class=\"far fa-file-alt\"><\/i><a href=\"https:\/\/legalistik.com\/hr\/docs\/kako-da-promjenim-trenutnu-lozinku\/\"><span>Kako da promjenim trenutnu lozinku?<\/span> <\/a><\/li><\/ul>\n<\/div>\t<\/div>\n<\/article>\n\n<article\n\tdata-id=\"181\" class=\"betterdocs-single-category-wrapper category-grid default\">\n\t<div class=\"betterdocs-single-category-inner\">\n\t\t\n<div class=\"betterdocs-category-header\">\n\t<div class=\"betterdocs-category-header-inner\">\n\t\t\n<div class=\"betterdocs-category-icon\">\n\t<img decoding=\"async\" alt=\"betterdocs-category-icon\" class=\"betterdocs-category-icon-img\" src=\"https:\/\/legalistik.com\/wp-content\/plugins\/betterdocs\/assets\/admin\/images\/betterdocs-cat-icon.svg?v=4.2.7\" \/><\/div>\n<h2 class=\"betterdocs-category-title\">Dokumenti<\/h2>\t<\/div>\n<\/div>\n<div class=\"betterdocs-body\">\n<ul class=\"betterdocs-articles-list\">\n\t<li><i class=\"far fa-file-alt\"><\/i><a href=\"https:\/\/legalistik.com\/hr\/docs\/dodavanje-i-upravljanje-dokumentima\/\"><span>Dodavanje i upravljanje dokumentima<\/span> <\/a><\/li><li><i class=\"far fa-file-alt\"><\/i><a href=\"https:\/\/legalistik.com\/hr\/docs\/koristenje-sablona\/\"><span>Kori\u0161tenje \u0161ablona<\/span> <\/a><\/li><li><i class=\"far fa-file-alt\"><\/i><a href=\"https:\/\/legalistik.com\/hr\/docs\/lista-zamjenskih-polja-za-koristenje-u-sablonima\/\"><span>Lista zamjenskih polja u \u0161ablonima<\/span> <\/a><\/li><li><i class=\"far fa-file-alt\"><\/i><a href=\"https:\/\/legalistik.com\/hr\/docs\/upotreba-fascikli-za-grupisanje-dokumenata\/\"><span>Upotreba fascikli za grupisanje dokumenata<\/span> <\/a><\/li><li><i class=\"far fa-file-alt\"><\/i><a href=\"https:\/\/legalistik.com\/hr\/docs\/izmjena-dokumenata\/\"><span>Izmjena dokumenata<\/span> <\/a><\/li><\/ul>\n<\/div>\t<\/div>\n<\/article>\n\n<article\n\tdata-id=\"183\" class=\"betterdocs-single-category-wrapper category-grid default\">\n\t<div class=\"betterdocs-single-category-inner\">\n\t\t\n<div class=\"betterdocs-category-header\">\n\t<div class=\"betterdocs-category-header-inner\">\n\t\t\n<div class=\"betterdocs-category-icon\">\n\t<img decoding=\"async\" alt=\"betterdocs-category-icon\" class=\"betterdocs-category-icon-img\" src=\"https:\/\/legalistik.com\/wp-content\/plugins\/betterdocs\/assets\/admin\/images\/betterdocs-cat-icon.svg?v=4.2.7\" \/><\/div>\n<h2 class=\"betterdocs-category-title\">Aplikacija za mobilne ure\u0111aje<\/h2>\t<\/div>\n<\/div>\n<div class=\"betterdocs-body\">\n<ul class=\"betterdocs-articles-list\">\n\t<li><i class=\"far fa-file-alt\"><\/i><a href=\"https:\/\/legalistik.com\/hr\/docs\/zadaci-i-obaveze-na-mobilnom-uredaju\/\"><span>Zadaci i obaveze na mobilnom ure\u0111aju<\/span> <\/a><\/li><li><i class=\"far fa-file-alt\"><\/i><a href=\"https:\/\/legalistik.com\/hr\/docs\/kako-instalirati-legalistik-na-mobilni-uredaj\/\"><span>Kako instalirati Legalistik na mobilni ure\u0111aj<\/span> <\/a><\/li><li><i class=\"far fa-file-alt\"><\/i><a href=\"https:\/\/legalistik.com\/hr\/docs\/koristenje-legalistik-mobilne-aplikacije\/\"><span>Kori\u0161tenje Legalistik mobilne aplikacije<\/span> <\/a><\/li><\/ul>\n<\/div>\t<\/div>\n<\/article>\n\n<article\n\tdata-id=\"185\" class=\"betterdocs-single-category-wrapper category-grid default\">\n\t<div class=\"betterdocs-single-category-inner\">\n\t\t\n<div class=\"betterdocs-category-header\">\n\t<div class=\"betterdocs-category-header-inner\">\n\t\t\n<div class=\"betterdocs-category-icon\">\n\t<img decoding=\"async\" alt=\"betterdocs-category-icon\" class=\"betterdocs-category-icon-img\" src=\"https:\/\/legalistik.com\/wp-content\/plugins\/betterdocs\/assets\/admin\/images\/betterdocs-cat-icon.svg?v=4.2.7\" \/><\/div>\n<h2 class=\"betterdocs-category-title\">Obaveze i zadaci<\/h2>\t<\/div>\n<\/div>\n<div class=\"betterdocs-body\">\n<ul class=\"betterdocs-articles-list\">\n\t<li><i class=\"far fa-file-alt\"><\/i><a href=\"https:\/\/legalistik.com\/hr\/docs\/prioriteti-zadataka-i-obaveza\/\"><span>Prioriteti zadataka i obaveza<\/span> <\/a><\/li><li><i class=\"far fa-file-alt\"><\/i><a href=\"https:\/\/legalistik.com\/hr\/docs\/prikazivanje-podsjetnika-unutar-web-pretrazivaca-ili-windows-a\/\"><span>Prikazivanje podsjetnika unutar web pretra\u017eiva\u010da ili Windows-a<\/span> <\/a><\/li><li><i class=\"far fa-file-alt\"><\/i><a href=\"https:\/\/legalistik.com\/hr\/docs\/zadaci\/\"><span>Dodavanje obaveza i zadataka<\/span> <\/a><\/li><\/ul>\n<\/div>\t<\/div>\n<\/article>\n\n<article\n\tdata-id=\"169\" class=\"betterdocs-single-category-wrapper category-grid default\">\n\t<div class=\"betterdocs-single-category-inner\">\n\t\t\n<div class=\"betterdocs-category-header\">\n\t<div class=\"betterdocs-category-header-inner\">\n\t\t\n<div class=\"betterdocs-category-icon\">\n\t<img decoding=\"async\" alt=\"betterdocs-category-icon\" class=\"betterdocs-category-icon-img\" src=\"https:\/\/legalistik.com\/wp-content\/plugins\/betterdocs\/assets\/admin\/images\/betterdocs-cat-icon.svg?v=4.2.7\" \/><\/div>\n<h2 class=\"betterdocs-category-title\">Pode\u0161avanje naloga<\/h2>\t<\/div>\n<\/div>\n<div class=\"betterdocs-body\">\n<ul class=\"betterdocs-articles-list\">\n\t<li><i class=\"far fa-file-alt\"><\/i><a href=\"https:\/\/legalistik.com\/hr\/docs\/prilagodena-polja\/\"><span>Prilago\u0111ena polja<\/span> <\/a><\/li><li><i class=\"far fa-file-alt\"><\/i><a href=\"https:\/\/legalistik.com\/hr\/docs\/saradnici-dodavanje-izmjena-i-deaktivacija\/\"><span>Saradnici &#8211; dodavanje, izmjena i deaktivacija<\/span> <\/a><\/li><li><i class=\"far fa-file-alt\"><\/i><a href=\"https:\/\/legalistik.com\/hr\/docs\/unos-i-izmjena-saradnika-klijenata-sudova-i-sudija\/\"><span>Unos i izmjena sudova i sudija<\/span> <\/a><\/li><li><i class=\"far fa-file-alt\"><\/i><a href=\"https:\/\/legalistik.com\/hr\/docs\/podesavanja-sablona-za-broj-predmeta-i-broj-fakture\/\"><span>Pode\u0161avanja \u0161ablona za broj predmeta i broj fakture<\/span> <\/a><\/li><li><i class=\"far fa-file-alt\"><\/i><a href=\"https:\/\/legalistik.com\/hr\/docs\/unosenje-osnovnih-podataka-o-kancelariji\/\"><span>Uno\u0161enje osnovnih podataka o kancelariji<\/span> <\/a><\/li><\/ul>\n<\/div>\t<\/div>\n<\/article>\n\t<\/div>\n\t\t<div class=\"clearfix\"><\/div>\n\t<\/div>\n\n        ","protected":false},"excerpt":{"rendered":"","protected":false},"author":1,"featured_media":0,"parent":0,"menu_order":0,"comment_status":"closed","ping_status":"closed","template":"","meta":{"footnotes":""},"class_list":["post-10163","page","type-page","status-publish","hentry"],"_links":{"self":[{"href":"https:\/\/legalistik.com\/hr\/wp-json\/wp\/v2\/pages\/10163","targetHints":{"allow":["GET"]}}],"collection":[{"href":"https:\/\/legalistik.com\/hr\/wp-json\/wp\/v2\/pages"}],"about":[{"href":"https:\/\/legalistik.com\/hr\/wp-json\/wp\/v2\/types\/page"}],"author":[{"embeddable":true,"href":"https:\/\/legalistik.com\/hr\/wp-json\/wp\/v2\/users\/1"}],"replies":[{"embeddable":true,"href":"https:\/\/legalistik.com\/hr\/wp-json\/wp\/v2\/comments?post=10163"}],"version-history":[{"count":1,"href":"https:\/\/legalistik.com\/hr\/wp-json\/wp\/v2\/pages\/10163\/revisions"}],"predecessor-version":[{"id":10204,"href":"https:\/\/legalistik.com\/hr\/wp-json\/wp\/v2\/pages\/10163\/revisions\/10204"}],"wp:attachment":[{"href":"https:\/\/legalistik.com\/hr\/wp-json\/wp\/v2\/media?parent=10163"}],"curies":[{"name":"wp","href":"https:\/\/api.w.org\/{rel}","templated":true}]}}