{"id":10319,"date":"2022-09-21T12:24:18","date_gmt":"2022-09-21T12:24:18","guid":{"rendered":"https:\/\/legalistik.com\/pravila-privatnosti\/"},"modified":"2023-12-04T08:37:10","modified_gmt":"2023-12-04T08:37:10","slug":"pravila-privatnosti","status":"publish","type":"page","link":"https:\/\/legalistik.com\/hr\/pravila-privatnosti\/","title":{"rendered":"Pravila privatnosti"},"content":{"rendered":"\n<h1 class=\"wp-block-heading\"><\/h1>\n\n\n\n<hr class=\"wp-block-separator has-alpha-channel-opacity\"\/>\n\n\n\n<p>Hvala vam \u0161to se \u017eelite informisati kako koristimo va\u0161e podatke kada posjetite na\u0161u web stranicu.<\/p>\n\n\n\n<h5 class=\"wp-block-heading\">Koje su klju\u010dne stvari koje trebam znati?<\/h5>\n\n\n\n<p>Korisnikom Web stranice smatra se svaka fizi\u010dka i pravna osoba koja pristupa Web stranici i\/ili koristi bilo koje sadr\u017eaje i\/ili usluge dostupne na Web stranici, uklju\u010duju\u0107i registrovane i neregistrovane korisnike kao i poslovne subjekte s kojima Dru\u0161tvo ima sklopljene ugovore o pru\u017eanju usluga.<\/p>\n\n\n\n<h5 class=\"wp-block-heading\">Ko se mo\u017ee registrovati?<\/h5>\n\n\n\n<p>Na\u0161a web stranica namijenjena je punoljetnim, radno sposobnim osobama starijim od 18 godina.<\/p>\n\n\n\n<h5 class=\"wp-block-heading\">Na\u0161a web stranica namijenjena je punoljetnim, radno sposobnim osobama starijim od 18 godina.<\/h5>\n\n\n\n<p>Ovu web stranicu vodi Develotics doo Banja Luka, koja je registrovana kompanija. . Prema zakonu, registrovali smo se u Osnovnom Sudu u Banja Luci.<\/p>\n\n\n\n<h5 class=\"wp-block-heading\">\u0160ta su li\u010dni podaci?<\/h5>\n\n\n\n<p>Li\u010dni podaci su sve informacije koje mo\u017eemo koristiti za identifikaciju i potvr\u0111ivanje va\u0161eg identiteta. Ponekad \u0107e nam ti podaci jasno re\u0107i ko ste &#8211; na primjer, va\u0161e ime &#8211; ali mo\u017eda \u0107emo i iz drugih podataka mo\u0107i zaklju\u010diti ko ste. Telefoni i drugi ure\u0111aji koji se povezuju na Internet tako\u0111er imaju posebne adrese pomo\u0107u kojih nam mo\u017eete re\u0107i ko ste.<\/p>\n\n\n\n<h5 class=\"wp-block-heading\">Koje podatke prikupljate o meni?<\/h5>\n\n\n\n<p>Podaci koje prikupljamo o vama ograni\u010deni su na:<\/p>\n\n\n\n<ul class=\"wp-block-list\">\n<li>Podaci o identitetu kao \u0161to su va\u0161e ime i prezime, email adresa,  adresa\/lokacija.<\/li>\n\n\n\n<li>Podaci o transakcijama, uklju\u010duju\u0107i informacije o paketima usluga koje kupujete kod nas, ograni\u010dene informacije o pla\u0107anju (ve\u0107ina informacija o tome ide ravno banci) i povrat novca.<\/li>\n\n\n\n<li>Poruke, uklju\u010duju\u0107i sve e -poruke koje nam \u0161aljete i sve komentare upu\u0107ene nama ili poruke izme\u0111u nas na dru\u0161tvenim medijima<\/li>\n\n\n\n<li>Tehni\u010dke informacije o telefonu ili ure\u0111aju koje ste koristili za posjetu na\u0161oj web stranici<\/li>\n\n\n\n<li>Podaci o kori\u0161tenju o tome koliko \u010desto posje\u0107ujete na\u0161u web stranicu, koje stranice pregledavate te koliko dugo i kako koristite na\u0161u web stranicu (na primjer, koje vrste sadr\u017eaja ste gledali i koliko dugo te koje izbore donosite prilikom kori\u0161tenja web stranice)<\/li>\n\n\n\n<li>Povratne informacije o tome \u0161ta mislite o na\u0161oj web stranici, a koje bismo mogli zatra\u017eiti da ispunite anketom<\/li>\n<\/ul>\n\n\n\n<h5 class=\"wp-block-heading\">Gdje uzimate moje podatke?<\/h5>\n\n\n\n<p>Obi\u010dno \u0107emo va\u0161e podatke primati direktno od vas kada postavite va\u0161 ra\u010dun. Ali ako va\u0161 telefon ili ure\u0111aj dijelite s nekim drugim, od njih mo\u017eemo prikupljati podatke o vama.<\/p>\n\n\n\n<h5 class=\"wp-block-heading\">Za \u0161ta koristite moje podatke?<\/h5>\n\n\n\n<p>Prema zakonu, va\u0161e podatke mo\u017eemo koristiti samo ako ispunjavamo jedno od \u0161est pravila. Oni se nazivaju i \u201epravni osnovi\u201c.<\/p>\n\n\n\n<p>Klju\u010dna pravila na koja se oslanjamo pri kori\u0161tenju va\u0161ih podataka su:<\/p>\n\n\n\n<ul class=\"wp-block-list\">\n<li>moramo koristiti va\u0161e podatke da bismo u\u010dinili ne\u0161to na \u0161ta smo se dogovorili, ili zahtijevati da u\u010dinite ne\u0161to na \u0161ta ste pristali, prema bilo kojem sporazumu izme\u0111u nas, na primjer, pod uslovima koji se primjenjuju kada koristite na\u0161e web stranica (ugovor)<\/li>\n\n\n\n<li>dali ste nam dozvolu za kori\u0161tenje va\u0161ih podataka iz odre\u0111enog razloga (pristanak)<\/li>\n\n\n\n<li>moramo koristiti va\u0161e podatke u skladu sa zakonom (zakon)<\/li>\n\n\n\n<li>moramo koristiti va\u0161e podatke ako za to imamo dobar razlog, ako smo sigurni da biste to o\u010dekivali i da va\u0161a prava ne\u0107e biti ugro\u017eena (dobar razlog)<\/li>\n<\/ul>\n\n\n\n<p>Razlozi kori\u0161tenja va\u0161ih podataka i pravila na koja se oslanjamo pri tome (u zagradama) su sljede\u0107i:<\/p>\n\n\n\n<ul class=\"wp-block-list\">\n<li>Omogu\u0107avanje kori\u0161tenja na\u0161e web stranice (ugovor ili dobar razlog)<\/li>\n\n\n\n<li>U\u010diniti ne\u0161to \u0161to smo se dogovorili, ili zahtijevati od vas (ili nekog drugog) da u\u010dini ne\u0161to \u0161to ste vi (ili oni) pristali, prema bilo kojem sporazumu, na primjer, pod uslovima koji se primjenjuju kada koristite na\u0161e web stranica (ugovor ili dobar razlog)<\/li>\n\n\n\n<li>\u0160aljemo vam na\u0161e poruke putem e-po\u0161te, o kojima se mo\u017eete predomisliti u bilo kojem trenutku <\/li>\n\n\n\n<li>Osiguravanje da svi koji posjete na\u0161u web stranicu to mogu u\u010diniti sigurno (dobar razlog)<\/li>\n\n\n\n<li>Razumijevanje na\u010dina na koji na\u0161u web stranicu koristite vi i drugi korisnici, tako da ih mo\u017eemo popraviti ako se pojave problemi i pobolj\u0161ati ih (dobar razlog)<\/li>\n\n\n\n<li>Odgovaranje na sve poruke koje nam po\u0161aljete e &#8211; mailom ili na dru\u0161tvenim medijima (dobar razlog)<\/li>\n\n\n\n<li>Osiguravanje po\u0161tovanja svih pravila o zdravlju i sigurnosti i za\u0161titi korisnika te odgovaranje na pitanja slu\u017ebenih organizacija poput policije (zakon)<\/li>\n<\/ul>\n\n\n\n<h5 class=\"wp-block-heading\">Sa kim \u0107ete podijeliti moje podatke?<\/h5>\n\n\n\n<p>Va\u0161e podatke ne\u0107emo dijeliti ni sa kim sa kim ih ne moramo dijeliti.<br>Jedini ljudi koji \u0107e imati pristup va\u0161im podacima su:<\/p>\n\n\n\n<ul class=\"wp-block-list\">\n<li>\u010dlanovi na\u0161eg tima<\/li>\n\n\n\n<li>organizacije koje nam pru\u017eaju alate koji su nam potrebni za pokretanje na\u0161e web stranice, kao \u0161to su na\u0161 pru\u017eatelj usluga hostinga, dobavlja\u010d biltena putem e &#8211; maila i pru\u017eatelji usluga ili alati koji nam poma\u017eu da shvatimo kako koristite na\u0161u web stranicu i \u0161ta se doga\u0111a ako nastanu bilo kakvi problemi<\/li>\n\n\n\n<li>slu\u017ebene organizacije poput policije, iako bi to bilo vrlo rijetko<\/li>\n<\/ul>\n\n\n\n<h5 class=\"wp-block-heading\">Gdje \u010duvate moje podatke?<\/h5>\n\n\n\n<p>Va\u0161e podatke \u010duvamo na za\u0161ti\u0107enim ra\u010dunarima kojima se mo\u017ee pristupiti putem interneta pod nazivom \u201eserveri\u201c. Oni pripadaju drugim organizacijama. Ve\u0107ina poslu\u017eitelja koje koristimo su bazirani negdje u  Evropi, ali neki od ovih servera mogu biti smje\u0161teni u drugim zemljama.<\/p>\n\n\n\n<h5 class=\"wp-block-heading\">Kako \u010duvate moje podatke na sigurnom?<\/h5>\n\n\n\n<p>Postoje razli\u010dite tehnologije i druga rje\u0161enja kako bi va\u0161i podaci bili sigurni. Ovo uklju\u010duje:<\/p>\n\n\n\n<ul class=\"wp-block-list\">\n<li>pobrinuti se da veza izme\u0111u va\u0161eg telefona ili ure\u0111aja i na\u0161ih servera bude sigurna kako nas niko ne bi mogao \u201eprislu\u0161kivati\u201c<\/li>\n\n\n\n<li>kori\u0161tenje jakih lozinki na svim na\u0161im sistemima<\/li>\n\n\n\n<li>samo malim grupama ljudi omogu\u0107iti pristup na\u0161im sistemima<\/li>\n\n\n\n<li>potpisivanje ugovora sa na\u0161im osobljem i pru\u017eateljima usluga \u0161to zna\u010di da moraju \u010duvati va\u0161e podatke na sigurnom i ne dijeliti ih ni sa kim<\/li>\n\n\n\n<li>imate uspostavljen plan za rje\u0161avanje onoga \u0161to se doga\u0111a ako va\u0161im podacima pristupi neko ko im ne bi trebao imati pristup ili ako se va\u0161i podaci izgube ili na bilo koji na\u010din promijene<\/li>\n<\/ul>\n\n\n\n<h5 class=\"wp-block-heading\">Koliko dugo \u010duvate moje podatke?<\/h5>\n\n\n\n<p>Va\u0161e podatke \u010duvat \u0107emo onoliko koliko nam trebaju iz razloga zbog kojih smo ih i prikupili.<\/p>\n\n\n\n<h5 class=\"wp-block-heading\" id=\"DeleteData\">Brisanje korisni\u010dkih podataka<\/h5>\n\n\n\n<p>Korisnici mogu zahtijevati brisanje svih svojih podataka sa na\u0161ih servera nakon \u0161to vi\u0161e ne budu \u017eeljeli koristiti Legalitik aplikaciju. Da biste podnijeli zahtev za brisanje podataka, po\u0161aljite e-mail poruku sa istog e-mail naloga koji ste koristili pri registraciji, na slede\u0107u adresu: <a href=\"mailto:info@legalistik.com\">info@legalistik.com<\/a>. U e-mailu navedite da \u017eelite da se svi va\u0161i podaci obri\u0161u sa na\u0161ih servera.<\/p>\n\n\n\n<p>Nakon \u0161to primimo va\u0161 e-mail sa zahtevom, preduze\u0107emo odgovaraju\u0107e korake kako bismo u \u0161to kra\u0107em roku izbrisali va\u0161e podatke. Imajte na umu da \u0107e neki podaci mo\u017eda ostati u rezervnim kopijama ili arhivama nakon brisanja radi o\u010duvanja integriteta sistema, ali ne\u0107emo ih koristiti ni deliti na bilo koji na\u010din.<\/p>\n\n\n\n<h5 class=\"wp-block-heading has-text-align-left\"> Google drive servisi<\/h5>\n\n\n\n<p>Legalistik aplikacija omogu\u0107ava povezivanje sa Google Drive servisom radi snimanja i izmjene foldera i dokumenata sme\u0161tenih na korisni\u010dki nalog Google Drive-a. <\/p>\n\n\n\n<p>Povezivanje i pristup se rade isklju\u010divo preko Legalistik aplikacije kori\u0161\u0107enjem google drive api servisa i samo verifikovani ulogovani korisnik ima pristup Google token-u za autorizaciju na Google Drive.<\/p>\n\n\n\n<p>Osim Google korisni\u010dkog imena i avatara Legalistik aplikacija ne skladi\u0161ti li\u010dne podatke korisnika vezane za Google Drive, kao \u0161to su njegovi dokumenti i folderi. Legalistik aplikacija nema pristup Google Drive \u0161ifri korisnika niti pristup dokumentima koje korisnik \u010duva na Google Drive osim dokumenata koji se snimaju i obra\u0111uju iz Legalistik aplikacije (samo dijelu Google Drive-a koji je povezan sa Legalistik aplikacijom). Samo u tom dijelu korisni\u010dkog Google Drive-a omogu\u0107eno je deljenje, pretraga, sortiranje, download, brisanje, pomeranje i kreiranje novih foldera i dokumenata.<\/p>\n\n\n\n<p>Legalistik ne\u0107e davati niti deliti sa, tre\u0107im licima nikakve podatke\/informacije vezane za Google nalog niti za sadr\u017eaj Google Drive servisa ulogovanog korisnika. Tako\u0111e, Legalistik aplikacija ne mo\u017ee da menja privilegije nad folderima\/dokumentima bez akcije ulogovanog korisnika.<br>Dokumenti sme\u0161teni u Google Drive ne ulaze u obra\u010dun potro\u0161enog prostora dobijenog u planu Legalistik aplikacije, ve\u0107 korisnikovog google drive naloga.<\/p>\n\n\n\n<p>Google Drive folderi i dokumenti su jasno odvojeni i obilje\u017eeni u aplikaciji sa karticom pod nazivom Google Drive i vidljivi su korisnicima.<br><br>Privillegije pristupa Google Drive-u su razli\u010dite od privilegija unutar same Legalistik aplikacije. Ukoliko jedan korisnik omogu\u0107i drugim korisnicima privilegije pristupa predmetu, ti korisnici ne\u0107e videti Google Drive dokumente vezane za taj predmet\/folder sve dok korisnik ne obezbedi pristup dokumentima, tim istim drugim korisnicima, preko Google Drive servisa\/aplikacije. Privilegije Legalistika i Google Drive se administriraju posebno, kroz svaku aplikaciju<\/p>\n\n\n\n<h5 class=\"wp-block-heading\">\u0160ta su kola\u010di\u0107i?<\/h5>\n\n\n\n<p>Kola\u010di\u0107i su male tekstualne datoteke pohranjene na va\u0161em telefonu ili ure\u0111aju i koriste se za osiguravanje da na\u0161a web stranica radi kako treba i poma\u017eu nam da vas razlikujemo od ostalih posjetioca na\u0161e web stranice.<\/p>\n\n\n\n<p>Za rad na\u0161e web stranice potrebni su neki kola\u010di\u0107i, pa \u0107e se oni automatski koristiti. Bilo koji kola\u010di\u0107i koje smatramo korisnima iz drugog razloga ne\u0107e se koristiti ako na njih ne pristanete putem na\u0161eg natpisa za kola\u010di\u0107e.<\/p>\n\n\n\n<p>Da biste saznali vi\u0161e o kola\u010di\u0107ima, kako ih odbiti i kako promijeniti postavke kola\u010di\u0107a na telefonu ili ure\u0111aju, posjetite ICO Vodi\u010d za kola\u010di\u0107e.<\/p>\n\n\n\n<h5 class=\"wp-block-heading\">Koja prava imam?<\/h5>\n\n\n\n<p>Zakon vam pru\u017ea velika prava kada je u pitanju na\u010din na koji koristimo va\u0161e podatke. Ovisno o \u010dinjenicama, mo\u017eda ne\u0107ete mo\u0107i koristiti sva ova prava.<\/p>\n\n\n\n<p><strong>Pristup:<\/strong>&nbsp;Imate pravo biti obavije\u0161teni koristimo li va\u0161e podatke i pravo zahtijevati kopiju podataka o vama zajedno s odre\u0111enim informacijama o tome kako koristimo va\u0161e podatke.<\/p>\n\n\n\n<p><strong>Ispravka:<\/strong>&nbsp;Imate pravo zatra\u017eiti od nas da ispravimo sve podatke koje posjedujemo o vama, a koji nisu ta\u010dni ili nisu potpuni.<\/p>\n\n\n\n<p><strong>Brisanje:<\/strong>&nbsp;Imate pravo zatra\u017eiti od nas da izbri\u0161emo ili uklonimo sve podatke o vama koji postoje ako nema valjanog razloga da ih nastavimo dr\u017eati ili ako ste nam prigovorili kori\u0161tenje va\u0161ih podataka.<\/p>\n\n\n\n<p><strong>Ograni\u010denje:<\/strong>&nbsp;Imate pravo zatra\u017eiti od nas da ograni\u010dimo na\u010din na koji \u010duvamo va\u0161e podatke, na primjer, da potvrdimo njihovu to\u010dnost ili na\u0161e razloge za njihovo dr\u017eanje.<\/p>\n\n\n\n<p><strong>Prigovor:<\/strong>&nbsp;Imate pravo prigovoriti na to da mi posjedujemo bilo koju informaciju o vama koja se zasniva na bilo kojem od dobrih razloga koje smo gore opisali. Tako\u0111er, imate pravo da ulo\u017eite prigovor na to \u0161to va\u0161e podatke dr\u017eimo u marketin\u0161ke svrhe.<\/p>\n\n\n\n<p><strong>Prenosivost:<\/strong>&nbsp;Imate pravo primiti ili zahtijevati da vam prenesemo kopiju podataka koje posjedujemo o vama ako ste nam dali pristanak da koristimo takve podatke ili moramo va\u0161e podatke koristiti kao dio na\u0161eg dogovora s vama.<\/p>\n\n\n\n<p><strong>\u017dalbe:<\/strong>&nbsp;Imate pravo podnijeti \u017ealbu u vezi s na\u010dinom na koji prikupljamo i koristimo va\u0161e podatke.<\/p>\n\n\n\n<h5 class=\"wp-block-heading\">\u0160ta ako imam pitanje?<\/h5>\n\n\n\n<p>Mo\u017eete nas pitati i slanjem e -po\u0161te na\u00a0<a href=\"mailto:info@legalistik.com\">info@legalistik.com<\/a><\/p>\n","protected":false},"excerpt":{"rendered":"<p>Hvala vam \u0161to se \u017eelite informisati kako koristimo va\u0161e podatke kada posjetite na\u0161u web stranicu. Koje su klju\u010dne stvari koje trebam znati? Korisnikom Web stranice smatra se svaka fizi\u010dka i pravna osoba koja pristupa Web stranici i\/ili koristi bilo koje sadr\u017eaje i\/ili usluge dostupne na Web stranici, uklju\u010duju\u0107i registrovane i neregistrovane korisnike kao i poslovne [&hellip;]<\/p>\n","protected":false},"author":1,"featured_media":0,"parent":0,"menu_order":0,"comment_status":"closed","ping_status":"closed","template":"","meta":{"footnotes":""},"class_list":["post-10319","page","type-page","status-publish","hentry"],"_links":{"self":[{"href":"https:\/\/legalistik.com\/hr\/wp-json\/wp\/v2\/pages\/10319","targetHints":{"allow":["GET"]}}],"collection":[{"href":"https:\/\/legalistik.com\/hr\/wp-json\/wp\/v2\/pages"}],"about":[{"href":"https:\/\/legalistik.com\/hr\/wp-json\/wp\/v2\/types\/page"}],"author":[{"embeddable":true,"href":"https:\/\/legalistik.com\/hr\/wp-json\/wp\/v2\/users\/1"}],"replies":[{"embeddable":true,"href":"https:\/\/legalistik.com\/hr\/wp-json\/wp\/v2\/comments?post=10319"}],"version-history":[{"count":5,"href":"https:\/\/legalistik.com\/hr\/wp-json\/wp\/v2\/pages\/10319\/revisions"}],"predecessor-version":[{"id":10404,"href":"https:\/\/legalistik.com\/hr\/wp-json\/wp\/v2\/pages\/10319\/revisions\/10404"}],"wp:attachment":[{"href":"https:\/\/legalistik.com\/hr\/wp-json\/wp\/v2\/media?parent=10319"}],"curies":[{"name":"wp","href":"https:\/\/api.w.org\/{rel}","templated":true}]}}