{"id":10322,"date":"2022-09-21T12:10:14","date_gmt":"2022-09-21T12:10:14","guid":{"rendered":"https:\/\/legalistik.com\/uslovi-koristenja\/"},"modified":"2022-09-21T12:10:14","modified_gmt":"2022-09-21T12:10:14","slug":"uslovi-koristenja","status":"publish","type":"page","link":"https:\/\/legalistik.com\/sr\/uslovi-koristenja\/","title":{"rendered":"Uslovi kori\u0161tenja"},"content":{"rendered":"\n<h2 class=\"wp-block-heading\">Verzija od 01.01.2023.<\/h2>\n\n\n\n<hr class=\"wp-block-separator has-alpha-channel-opacity\"\/>\n\n\n\n<p>Ovim uslovima kori\u0161tenja (u nastavku: Uslovi kori\u0161tenja) dru\u0161tvo Develotics d.o.o., Mladena Stojanovi\u0107a 43-45, 78000 Banja Luka, RS, BiH, ID: 4404399860006 (u nastavku: Dru\u0161tvo) uspostavilo je pravila i uslove kori\u0161tenja web stranice legalistik.com (uklju\u010duju\u0107i pripadaju\u0107e online i offline aplikacije) (u nastavku: Web stranica) u vlasni\u0161tvu Dru\u0161tva. Ukoliko za pojedine usluge postoje posebni uslovi kori\u0161tenja, primjena istih \u0107e imati prednost pred primjenom Uslova kori\u0161tenja.<\/p>\n\n\n\n<p>Slijedom navedenog, prije kori\u0161tenja Web stranice, Uvjete kori\u0161tenja potrebno je pa\u017eljivo pro\u010ditati.<\/p>\n\n\n\n<h5 class=\"has-text-align-center wp-block-heading\">\u010clan 1.  <\/h5>\n\n\n\n<h5 class=\"has-text-align-center wp-block-heading\"> Sadr\u017eaj Web stranice<\/h5>\n\n\n\n<p>Web stranica predstavlja online platformu koja omogu\u0107ava kori\u0161tenje servisa namijenjenih advokatskim kancelarijama, samostalnim advokatima kao i bilo kome ko servise prona\u0111e korisnim.<\/p>\n\n\n\n<p>Korisnikom Web stranice smatra se svaka fizi\u010dka i pravna osoba koja pristupa Web stranici i\/ili koristi bilo koje sadr\u017eaje i\/ili usluge\\servise dostupne na Web stranici, uklju\u010duju\u0107i registrovane i neregistrovane korisnike kao i poslovne subjekte s kojima Dru\u0161tvo ima sklopljene ugovore o pru\u017eanju usluga.<\/p>\n\n\n\n<h5 class=\"has-text-align-center wp-block-heading\">\u010clan 2. <\/h5>\n\n\n\n<h5 class=\"has-text-align-center wp-block-heading\"> Kori\u0161tenje Web stranice<\/h5>\n\n\n\n<p class=\"has-text-align-left\">Pristupanjem i kori\u0161tenjem sadr\u017eaja Web stranice, nezavisno od postupka registracije, stupate u ugovorni odnos s Dru\u0161tvom, te potvr\u0111ujete da ste u cijelosti pro\u010ditali, razumjeli i prihvatili primjenu Uslova kori\u0161tenja i Politike privatnosti.<\/p>\n\n\n\n<p class=\"has-text-align-left\">Kori\u0161tenje Web stranice mogu\u0107e je samo i isklju\u010divo uz pristanak na Uslove kori\u0161tenja te ukoliko iste ne prihvatate iz bilo kojeg razloga, nije Vam dozvoljeno kori\u0161tenje Web stranice.<\/p>\n\n\n\n<p class=\"has-text-align-left\">Korisnik je isklju\u010divo odgovoran za sno\u0161enje bilo kojeg tro\u0161ka koji mo\u017ee nastati kori\u0161tenjem Web stranice.<\/p>\n\n\n\n<p class=\"has-text-align-left\">Preporu\u010duje se da se za kori\u0161\u0107enje aplikacije Legalistik koristi Google Chrome. Ne preporu\u010duje se kori\u0161\u0107enje Internet Explorer-a.<\/p>\n\n\n\n<p><\/p>\n\n\n\n<h5 class=\"has-text-align-center wp-block-heading\">\u010clan 3. <\/h5>\n\n\n\n<h5 class=\"has-text-align-center wp-block-heading\"> Google drive servisi<\/h5>\n\n\n\n<p>Legalistik aplikacija omogu\u0107ava povezivanje sa Google Drive servisom radi snimanja i izmjene foldera i dokumenata sme\u0161tenih na korisni\u010dki nalog Google Drive-a. <\/p>\n\n\n\n<p>Povezivanje i pristup se rade isklju\u010divo preko Legalistik aplikacije kori\u0161\u0107enjem google drive api servisa i samo verifikovani ulogovani korisnik ima pristup Google token-u za autorizaciju na Google Drive.<\/p>\n\n\n\n<p>Osim Google korisni\u010dkog imena i avatara Legalistik aplikacija ne skladi\u0161ti li\u010dne podatke korisnika vezane za Google Drive, kao \u0161to su njegovi dokumenti i folderi. Legalistik aplikacija nema pristup Google Drive \u0161ifri korisnika niti pristup dokumentima koje korisnik \u010duva na Google Drive osim dokumenata koji se snimaju i obra\u0111uju iz Legalistik aplikacije (samo dijelu Google Drive-a koji je povezan sa Legalistik aplikacijom). Samo u tom dijelu korisni\u010dkog Google Drive-a omogu\u0107eno je deljenje, pretraga, sortiranje, download, brisanje, pomeranje i kreiranje novih foldera i dokumenata.<\/p>\n\n\n\n<p>Legalistik ne\u0107e davati niti deliti sa, tre\u0107im licima nikakve podatke\/informacije vezane za Google nalog niti za sadr\u017eaj Google Drive servisa ulogovanog korisnika. Tako\u0111e, Legalistik aplikacija ne mo\u017ee da menja privilegije nad folderima\/dokumentima bez akcije ulogovanog korisnika.<br>Dokumenti sme\u0161teni u Google Drive ne ulaze u obra\u010dun potro\u0161enog prostora dobijenog u planu Legalistik aplikacije, ve\u0107 korisnikovog google drive naloga.<\/p>\n\n\n\n<p>Google Drive folderi i dokumenti su jasno odvojeni i obilje\u017eeni u aplikaciji sa karticom pod nazivom Google Drive i vidljivi su korisnicima.<br><br>Privillegije pristupa Google Drive-u su razli\u010dite od privilegija unutar same Legalistik aplikacije. Ukoliko jedan korisnik omogu\u0107i drugim korisnicima privilegije pristupa predmetu, ti korisnici ne\u0107e videti Google Drive dokumente vezane za taj predmet\/folder sve dok korisnik ne obezbedi pristup dokumentima, tim istim drugim korisnicima, preko Google Drive servisa\/aplikacije. Privilegije Legalistika i Google Drive se administriraju posebno, kroz svaku aplikaciju<\/p>\n\n\n\n<h5 class=\"has-text-align-center wp-block-heading\">\u010clan 4. <\/h5>\n\n\n\n<h5 class=\"has-text-align-center wp-block-heading\">Postupak registracije<\/h5>\n\n\n\n<p>Kori\u0161tenje pojedinih sadr\u017eaja Web stranice mogu\u0107e je samo pod uslovom provedenog postupka registracije. Korisnik je du\u017ean prilikom registracije navesti ta\u010dne, istinite i potpune podatke potrebne za postupak registracije; suprotno postupanje smatrat \u0107e se kr\u0161enjem Uslova kori\u0161tenja.<\/p>\n\n\n\n<p>Dru\u0161tvo u svakom slu\u010daju zadr\u017eava pravo odbiti registraciju ili ukinuti postoje\u0107u registraciju odnosno korisni\u010dki ra\u010dun ili uskratiti kori\u0161tenje pojedinih sadr\u017eaja Web stranice, po vlastitoj procjeni i bez prethodne najave, a posebno u slu\u010daju kr\u0161enja Uslova kori\u0161tenja.<\/p>\n\n\n\n<h5 class=\"has-text-align-center wp-block-heading\">\u010clan 5. <\/h5>\n\n\n\n<h5 class=\"has-text-align-center wp-block-heading\">Podaci o korisni\u010dkom ra\u010dunu<\/h5>\n\n\n\n<p>Svi korisnici Web stranice du\u017eni su \u010duvati podatke o svom korisni\u010dkom ra\u010dunu te je korisnik isklju\u010divo odgovoran za svu i bilo koju \u0161tetu koja mo\u017ee nastati kao posljedica kori\u0161tenja korisni\u010dkog ra\u010duna od strane druge osobe. Legalistikse obavezuje da ne\u0107e neovla\u0161\u0107eno pristupati podacima dobijenim od Korisnika niti prosle\u0111ivati tre\u0107im licima podatke Korisnika<\/p>\n\n\n\n<h5 class=\"has-text-align-center wp-block-heading\">\u010clanak 6. <\/h5>\n\n\n\n<h5 class=\"has-text-align-center wp-block-heading\">Obaveze korisnika<\/h5>\n\n\n\n<p>Svi korisnici Web stranica i online servisa, du\u017eni su u cijelosti postupati prema svim va\u017ee\u0107im propisima, uz uva\u017eavanje i pristojno opho\u0111enje sa svim drugim korisnicima. Korisnik je du\u017ean nadoknaditi svaku i bilo koju \u0161tetu koja nastane Dru\u0161tvu, drugim korisnicima i\/ili tre\u0107im osobama kao posljedica nezakonitog kori\u0161tenja Web stranica.<\/p>\n\n\n\n<h5 class=\"has-text-align-center wp-block-heading\">\u010clan 7. <\/h5>\n\n\n\n<h5 class=\"has-text-align-center wp-block-heading\">Uslovi kori\u0161tenja za korisnike<\/h5>\n\n\n\n<p>Web stranica omogu\u0107ava registraciju i kori\u0161tenje servisa u skladu sa odabranim paketom. <\/p>\n\n\n\n<p>Korisnik je u cijelosti i isklju\u010divo odgovoran za unesen sadr\u017eaj i sve propratne dokumentacije koje je unio i dodao kroz servise na Web stranici.<\/p>\n\n\n\n<h5 class=\"has-text-align-center wp-block-heading\">\u010clan 8. <\/h5>\n\n\n\n<h5 class=\"has-text-align-center wp-block-heading\">Isklju\u010denje odgovornosti Dru\u0161tva<\/h5>\n\n\n\n<p>Dru\u0161tvo nije sudionik pravnih poslova i komunikacija koje se obavljaju putem elektronskih poruka kroz sistem Dru\u0161tva i u koje korisnici me\u0111usobno samostalno ulaze, niti u pogledu navedenog snosi bilo kakvu direktnu ili indirektnu odgovornost.<\/p>\n\n\n\n<p>Dru\u0161tvo nije odgovorno bilo kojim osobama za bilo koju vrstu \u0161tete koja mo\u017ee nastati direktno ili indirektno kao posljedica kori\u0161tenja Web stranice ili kori\u0161tenja drugih web stranica i sadr\u017eaja kojima se mo\u017ee pristupiti s Web stranice, ili kao posljedica nemogu\u0107nosti kori\u0161tenja istih.<\/p>\n\n\n\n<p>Dru\u0161tvo ne garantuje:<\/p>\n\n\n\n<ul class=\"wp-block-list\">\n<li>ta\u010dnost, istinitost i potpunost dokumenata ili bilo kojih podataka sadr\u017eanih u njima ili bilo kojih drugih sadr\u017eaja unesenih od strane korisnika;<\/li>\n\n\n\n<li>to\u010dnost, istinitost i potpunost podataka o korisnicima;<\/li>\n\n\n\n<li>poslovnu sposobnost, ovla\u0161tenje, registraciju ili postojanje bilo kojeg drugog uslova potrebnog u skladu s propisima.<\/li>\n<\/ul>\n\n\n\n<p>Nadalje, Dru\u0161tvo ne garantuje:<\/p>\n\n\n\n<ul class=\"wp-block-list\">\n<li>da na Web stranici ne\u0107e biti pogre\u0161aka i\/ili da \u0107e funkcionisati bez prekida u svakom trenutku; Dru\u0161tvo garantuje dostupnost od najmanje 99% vremena, osim kod uticaja vi\u0161e sile.<\/li>\n\n\n\n<li>da sadr\u017eaj na Web stranici ne\u0107e biti objavljen bez pogre\u0161aka te da implementacija takvog sadr\u017eaja ne\u0107e naru\u0161avati intelektualna prava tre\u0107ih.<\/li>\n<\/ul>\n\n\n\n<p>Dru\u0161tvo nije odgovorno bilo kojim osobama za bilo koju vrstu \u0161tete koja mo\u017ee nastati direktno ili indirektno kao posljedica nemogu\u0107nosti kori\u0161tenja Web stranice uslijed kvara, pogre\u0161ke ili sli\u010dnog doga\u0111aja.<\/p>\n\n\n\n<p>Dru\u0161tvo nije odgovorno za fakture, predra\u010dune i druge dokumente, koje se \u0161alju preko Legalistik servisa od strane Korisnika.<\/p>\n\n\n\n<p>Dru\u0161tvo nije odgovorno bilo kojim osobama za bilo koju vrstu \u0161tete koja mo\u017ee nastati direktno ili indirektno kao posljedica nesavjesnog kori\u0161tenja podataka dostupnih na Web stranici.<\/p>\n\n\n\n<p>Korisnik je du\u017ean Dru\u0161tvu nadoknaditi sve i bilo koje tro\u0161kove vezane u zahtjeve ili pravne postupke tre\u0107ih osoba poduzete u vezi sa sadr\u017eajem oglasa ili drugim postupanjem korisnika.<\/p>\n\n\n\n<h5 class=\"has-text-align-center wp-block-heading\">\u010clan 9. <\/h5>\n\n\n\n<h5 class=\"has-text-align-center wp-block-heading\">Ograni\u010denje upotrebe Web stranice<\/h5>\n\n\n\n<p>Dru\u0161tvo zadr\u017eava pravo onemogu\u0107iti kori\u0161tenje Web stranice, uklju\u010duju\u0107i ukinuti postoje\u0107u registraciju, svim korisnicima koji na bilo koji na\u010din kr\u0161e Uslove kori\u0161tenja ili bilo koje primjenjive propise te zadr\u017eava pravo protiv svakog takvog korisnika pokrenuti odgovaraju\u0107e postupke, uklju\u010duju\u0107i i postupak radi naknade \u0161tete.<\/p>\n\n\n\n<h5 class=\"has-text-align-center wp-block-heading\">\u010clan 10. <\/h5>\n\n\n\n<h5 class=\"has-text-align-center wp-block-heading\">Za\u0161tita li\u010dnih podataka<\/h5>\n\n\n\n<p>Dru\u0161tvo prikuplja i obra\u0111uje osobne podatke korisnika. <\/p>\n\n\n\n<h5 class=\"has-text-align-center wp-block-heading\">\u010clan 11. <\/h5>\n\n\n\n<h5 class=\"has-text-align-center wp-block-heading\">Za\u0161tita prava intelektualnog vlasni\u0161tva<\/h5>\n\n\n\n<p>Prava koja se odnose na Web stranicu, uklju\u010duju\u0107i tekst,  baze podataka i programski kod, format i sve ostale (stati\u010dke i\/ili animirane) materijale, zvukove, formate, software, nazive (uklju\u010duju\u0107i i domenu) pripadaju isklju\u010divo Dru\u0161tvu te nije dozvoljena promjena, umno\u017eavanje, distribuiranje, prodaja ni jednog dijela Web stranice osim ako nije druga\u010dije navedeno u sporazumu s Dru\u0161tvom, niti je dozvoljeno kopirati sadr\u017eaj Web stranice u cjelini ili djelomi\u010dno bez pisanog odobrenja Dru\u0161tva.<\/p>\n\n\n\n<h5 class=\"has-text-align-center wp-block-heading\">\u010clan 12. <\/h5>\n\n\n\n<h5 class=\"has-text-align-center wp-block-heading\">Promjene Uslova kori\u0161tenja<\/h5>\n\n\n\n<p>Dru\u0161tvo je ovla\u0161teno u svakom trenutku izmijeniti Uslove kori\u0161tenja, Web stranicu i\/ili bilo koje sadr\u017eaje u njima dostupne te su korisnici du\u017eni upoznati se sa svim izmjenama Uslova kori\u0161tenja. Izmjene Uslova kori\u0161tenja stupaju na snagu danom njihove objave na Web stranici. Kori\u0161tenjem Web stranice, smatra se da je korisnik pristao na izmijenjene Uslove kori\u0161tenja.<\/p>\n\n\n\n<h5 class=\"has-text-align-center wp-block-heading\">\u010clan 13. <\/h5>\n\n\n\n<h5 class=\"has-text-align-center wp-block-heading\">Prava korisnika<\/h5>\n\n\n\n<p>Za eventualne reklamacije i prigovore, potrebno je obratiti se pisanim putem na adresu elektronske po\u0161te info@develotics.com ili na adresu Mladena Stojanovil\u0107a 54-45 , Banja Luka, RS, BIH. Dru\u0161tvo \u0107e na reklamaciju odnosno prigovor odgovoriti u roku od 15 dana.<\/p>\n\n\n\n<p>Korisnici su ovla\u0161teni jednostrano raskinuti ugovor s Dru\u0161tvom ga\u0161enjem svog korisni\u010dkog ra\u010duna. U slu\u010daju spora, potro\u0161a\u010d ima pravo koristiti se izvansudskim na\u010dinom rje\u0161avanja spora u skladu sa Zakonom o za\u0161titi potro\u0161a\u010da.<\/p>\n\n\n\n<h5 class=\"has-text-align-center wp-block-heading\">\u010clan 14. <\/h5>\n\n\n\n<h5 class=\"has-text-align-center wp-block-heading\">Mjerodavno pravo i nadle\u017enost<\/h5>\n\n\n\n<p>Na ove Uslove kori\u0161tenja primjenjuje se pravo Bosne i Hercegovine. U slu\u010daju bilo kakvog spora vezanog za tuma\u010denje, sadr\u017eaj, primjenu ili kr\u0161enje Uslova kori\u0161tenja, bit \u0107e nadle\u017ean Osnovni Sud u Banja Luci, Bosna i Hercegovina.<\/p>\n\n\n\n<h5 class=\"has-text-align-center wp-block-heading\">\u010clan 15.<\/h5>\n\n\n\n<h5 class=\"has-text-align-center wp-block-heading\">Na\u010dini pla\u0107anja<\/h5>\n\n\n\n<p>Omogu\u0107ujemo vam pla\u0107anje na\u0161ih servisa pla\u0107anjem izravno putem interneta i to:<\/p>\n\n\n\n<h5 class=\"wp-block-heading\">Pla\u0107anje po predra\u010dunu (virmansko pla\u0107anje)<\/h5>\n\n\n\n<p>Kod izbora ovog na\u010dina pla\u0107anja, na svoju e-mail adresu \u0107ete dobiti predra\u010dun sa svim podacima potrebnim za uplatu, uklju\u010duju\u0107i broj ra\u010duna na koji trebate uplatiti vrijednost narud\u017ebe. Uplatu potom mo\u017eete izvr\u0161iti kori\u0161tenjem internet bankarstva ili na\u010dinom na koji ina\u010de pla\u0107ate svoje ra\u010dune &#8211; putem banke, po\u0161te, ili sl. <\/p>\n\n\n\n<h5 class=\"has-text-align-center wp-block-heading\">\u010clan 16.<\/h5>\n\n\n\n<h5 class=\"has-text-align-center wp-block-heading\">Nalog Korisnika<\/h5>\n\n\n\n<p>Aplikacija Legalistik \u0107e sve izmjene i ispravke na programu besplatno integrisati u nalog Korisnika. Korisnik mo\u017ee u svakom trenutku prekinuti kori\u0161tenje programa slanjem emaila sa zahtjevom. Zahtjev mo\u017ee uklju\u010divati i brisanje svih podataka korisnika.<\/p>\n\n\n\n<p>Korinik koji prekine sa kori\u0161tenjem aplikacije, u slede\u0107ih 24 mjeseca mo\u017ee reaktivirati nalog, i ako nije tra\u017eio brisanje, mo\u017ee nastaviti sa kori\u0161tenjem svih podataka i dokumenata koje je imao prije deaktivacije.<\/p>\n\n\n\n<p>Tokom kori\u0161tenja aplikacije, Korisnik mo\u017ee pismenim zahtjevom tra\u017eiti da mu se dostave svi do tada unijeti dokumenti na Legalistik aplikaciju.<\/p>\n\n\n\n<p>Svi podaci iz naloga Korisnika se nalaze na serverima koje je odabrao Legalistik tim, za koje smatra da su najsigurniji za kori\u0161tenje. Za sve podatke korisnika, vr\u0161i se pravljenje rezervne kopije svih podataka dva puta dnevno.<\/p>\n\n\n\n<h5 class=\"has-text-align-center wp-block-heading\">\u010clan 17.<\/h5>\n\n\n\n<h5 class=\"has-text-align-center wp-block-heading\">Serveri i sigurnost podataka<\/h5>\n\n\n\n<p>Kompletan Legalistik servis zasnovan je najmodernijim IT hardverskim i softverskim tehnologijama. Sigurnost je na najvi\u0161em nivou i zasnovana je na slede\u0107im tehnologijama:<\/p>\n\n\n\n<ul class=\"wp-block-list\">\n<li>HTTPS sertifikat za identifikaciju servera<\/li>\n\n\n\n<li>Enkripcija za sigurnu komunikaciju. Web serveri koriste enkripciju, kao \u0161to je SSL ili TLS, da bi za\u0161titili osjetljive informacije koje se prenose izme\u0111u servera i klijenata.<\/li>\n\n\n\n<li>Firewall-ovi koji se koristi za za\u0161titu web server od neovla\u0161\u0107enog pristupa i zlonamernih napada.<\/li>\n\n\n\n<li>Web serveri se a\u017euriraju redovno kako bi se ispravile poznate sigurnosne ranjivosti.<\/li>\n\n\n\n<li>Web serveri primenjuju napredne politike za lozinke, kao \u0161to su zahtevanje kompleksnih lozinki i ograni\u010davanje broja neuspelih poku\u0161aja prijave.<\/li>\n\n\n\n<li>Web serveri imaju implementirane kontrole pristupa kako bi se ograni\u010dilo koji korisnici i sistemi mogu pristupiti osjetljivim resursima.<\/li>\n\n\n\n<li>Web serveri vode detaljne zapise svih aktivnosti i prate sumnjive aktivnosti.<\/li>\n\n\n\n<li>Pravljenje kopija i procedura za vra\u0107anje podataka nakon katastrofe podr\u017eane su kako bi se za\u0161titili od gubitka podataka. Kopije podataka se prave dva puta dnevno.<\/li>\n\n\n\n<li>Za\u0161tita od zlonamjernog softvera, kao \u0161to su virusi i trojanci.<\/li>\n\n\n\n<li>Za\u0161tita od DDoS (Distributed Denial of Service) napada.<\/li>\n<\/ul>\n\n\n\n<p>Dru\u0161tvo zadr\u017eava pravo izmena i\/ili dopuna Uslova kori\u0161tenja. Izmenjene \u0107e se primenjivati na sve budu\u0107e korisnike i na korisnike koji su prije usvajanja novih uslova ve\u0107 zapo\u010deli pretplatu, pod uslovom da tim izmenama i dopunama ne trpe bilo kakvu \u0161tetu.<\/p>\n","protected":false},"excerpt":{"rendered":"<p>Verzija od 01.01.2023. Ovim uslovima kori\u0161tenja (u nastavku: Uslovi kori\u0161tenja) dru\u0161tvo Develotics d.o.o., Mladena Stojanovi\u0107a 43-45, 78000 Banja Luka, RS, BiH, ID: 4404399860006 (u nastavku: Dru\u0161tvo) uspostavilo je pravila i uslove kori\u0161tenja web stranice legalistik.com (uklju\u010duju\u0107i pripadaju\u0107e online i offline aplikacije) (u nastavku: Web stranica) u vlasni\u0161tvu Dru\u0161tva. Ukoliko za pojedine usluge postoje posebni uslovi [&hellip;]<\/p>\n","protected":false},"author":1,"featured_media":0,"parent":0,"menu_order":0,"comment_status":"closed","ping_status":"closed","template":"","meta":{"footnotes":""},"class_list":["post-10322","page","type-page","status-publish","hentry"],"_links":{"self":[{"href":"https:\/\/legalistik.com\/sr\/wp-json\/wp\/v2\/pages\/10322","targetHints":{"allow":["GET"]}}],"collection":[{"href":"https:\/\/legalistik.com\/sr\/wp-json\/wp\/v2\/pages"}],"about":[{"href":"https:\/\/legalistik.com\/sr\/wp-json\/wp\/v2\/types\/page"}],"author":[{"embeddable":true,"href":"https:\/\/legalistik.com\/sr\/wp-json\/wp\/v2\/users\/1"}],"replies":[{"embeddable":true,"href":"https:\/\/legalistik.com\/sr\/wp-json\/wp\/v2\/comments?post=10322"}],"version-history":[{"count":0,"href":"https:\/\/legalistik.com\/sr\/wp-json\/wp\/v2\/pages\/10322\/revisions"}],"wp:attachment":[{"href":"https:\/\/legalistik.com\/sr\/wp-json\/wp\/v2\/media?parent=10322"}],"curies":[{"name":"wp","href":"https:\/\/api.w.org\/{rel}","templated":true}]}}